{"id":2109,"date":"2017-01-19T10:25:20","date_gmt":"2017-01-19T10:25:20","guid":{"rendered":"https:\/\/johannesen-maskintransport.dk\/the-company\/artikler\/"},"modified":"2017-06-21T10:55:19","modified_gmt":"2017-06-21T10:55:19","slug":"articles","status":"publish","type":"page","link":"https:\/\/johannesen-maskintransport.dk\/en\/the-company\/articles\/","title":{"rendered":"ARTICLES"},"content":{"rendered":"<p>[et_pb_section admin_label=&#8221;Sektion&#8221; fullwidth=&#8221;on&#8221; specialty=&#8221;off&#8221;][et_pb_fullwidth_menu admin_label=&#8221;Fuldbredde Menu&#8221; menu_id=&#8221;21&#8243; background_color=&#8221;#e02b20&#8243; background_layout=&#8221;dark&#8221; text_orientation=&#8221;right&#8221; submenu_direction=&#8221;downwards&#8221; fullwidth_menu=&#8221;off&#8221; dropdown_menu_animation=&#8221;fade&#8221;]<\/p>\n<p>[\/et_pb_fullwidth_menu][\/et_pb_section][et_pb_section admin_label=&#8221;Sektion&#8221; fullwidth=&#8221;on&#8221; specialty=&#8221;off&#8221;][et_pb_fullwidth_header admin_label=&#8221;Fuldbredde Overskrift&#8221; title=&#8221;articles&#8221; background_layout=&#8221;light&#8221; text_orientation=&#8221;left&#8221; header_fullscreen=&#8221;off&#8221; header_scroll_down=&#8221;off&#8221; background_color=&#8221;#ffffff&#8221; parallax=&#8221;off&#8221; parallax_method=&#8221;off&#8221; content_orientation=&#8221;center&#8221; image_orientation=&#8221;center&#8221; custom_button_one=&#8221;off&#8221; button_one_border_width=&#8221;0&#8243; button_one_letter_spacing=&#8221;0&#8243; button_one_use_icon=&#8221;default&#8221; button_one_icon_placement=&#8221;right&#8221; button_one_on_hover=&#8221;on&#8221; button_one_letter_spacing_hover=&#8221;0&#8243; custom_button_two=&#8221;off&#8221; button_two_border_width=&#8221;0&#8243; button_two_letter_spacing=&#8221;0&#8243; button_two_use_icon=&#8221;default&#8221; button_two_icon_placement=&#8221;right&#8221; button_two_on_hover=&#8221;on&#8221; button_two_letter_spacing_hover=&#8221;0&#8243; title_font_size=&#8221;40px&#8221;]<\/p>\n<p>[\/et_pb_fullwidth_header][\/et_pb_section][et_pb_section admin_label=&#8221;Sektion&#8221; fullwidth=&#8221;off&#8221; specialty=&#8221;off&#8221; transparent_background=&#8221;off&#8221; allow_player_pause=&#8221;off&#8221; inner_shadow=&#8221;off&#8221; parallax=&#8221;off&#8221; parallax_method=&#8221;off&#8221; padding_mobile=&#8221;off&#8221; disabled=&#8221;on&#8221; disabled_on=&#8221;on|on|on&#8221; make_fullwidth=&#8221;off&#8221; use_custom_width=&#8221;off&#8221; width_unit=&#8221;on&#8221; make_equal=&#8221;off&#8221; use_custom_gutter=&#8221;off&#8221;][et_pb_row admin_label=&#8221;R\u00e6kke&#8221;][et_pb_column type=&#8221;2_3&#8243;][et_pb_text admin_label=&#8221;Tekst&#8221; background_layout=&#8221;light&#8221; text_orientation=&#8221;left&#8221; use_border_color=&#8221;off&#8221; border_color=&#8221;#ffffff&#8221; border_style=&#8221;solid&#8221;]<\/p>\n<h1><strong>HELE TRE \u00d8NSKER P\u00c5 \u00c9N GANG<\/strong><\/h1>\n<p>&nbsp;<\/p>\n<p><strong>Johannesen Kran- &amp; Maskintransport har f\u00e5et opbygget en kranbil, der b\u00e5de kan k\u00f8re som tr\u00e6kker, forvogn og i kombination med k\u00e6rre eller p\u00e5h\u00e6ngsvogn. \u00a0<\/strong><\/p>\n<p>&nbsp;<\/p>\n<h2><strong>Tekniske specifikationer <\/strong><\/h2>\n<p><strong>Model<\/strong>: Scania G480LB 8&#215;4.<\/p>\n<p><strong>Motor<\/strong>: 6-cylindret Scania DC1307 480 Euro5 uden AdBlue. Effekt: 480 hk ved 1900 o\/min. Maks. moment 2500 Nm ved 1000-1300 o\/min.<\/p>\n<p><strong>Gearkasse<\/strong>: Scania Opticruise uden koblingspedal.<\/p>\n<p><strong>Bagt\u00f8j<\/strong>: RB662. Udveksling 3,80:1.<\/p>\n<p><strong>Akselafstand<\/strong>: 4100 mm.<\/p>\n<p><strong>Affjedring<\/strong>: Fuld luft.<\/p>\n<p><strong>Bremser<\/strong>: Skivebremser.<\/p>\n<p><strong>D\u00e6k<\/strong>: Goodyear. 385\/55 p\u00e5 de to forreste aksler, 315\/70 p\u00e5 de to bageste.<\/p>\n<p><strong>Skabe<\/strong>: DanBox.<\/p>\n<p><strong>Kran<\/strong>: Fassi F950XP 95 tonmeter.<\/p>\n<p><strong>Opbygning<\/strong>: TMP Hydraulik, Thyholm.<\/p>\n<p><strong>Levering<\/strong>: Scania Biler, Ish\u00f8j (John Schultz).<\/p>\n<p>&nbsp;<\/p>\n<p>Ligesom b\u00f8rnene i reklamen for Kinder-\u00e6g, s\u00e5 har vognmand Jens Johannesen f\u00e5et opfyldt hele tre \u00f8nsker p\u00e5 \u00e9n gang. Hans nye 4-akslede Scania G480 er nemlig opbygget, s\u00e5 den b\u00e5de kan k\u00f8re som forvogn, som tr\u00e6kker og i kombination med en k\u00e6rre eller p\u00e5h\u00e6ngsvogn. At bilen samtidig har monteret en 95 tonmeter kran, g\u00f8r den blot ekstra fleksibel og anvendelig. K\u00f8ret\u00f8jet er det eneste af sin slags i Danmark. Jens Johannesen driver det 80 \u00e5r gamle familiefirma Johannesen Kran- &amp; Maskintransport, der har hoveds\u00e6de i Hvidovre og afdelinger i Fredericia og Esbjerg. Det nye k\u00f8ret\u00f8j er stationeret i det vestjyske t\u00e6t p\u00e5 Esbjerg Havn. Her m\u00f8der jeg en tidlig morgen bilens faste chauff\u00f8r, Kurt Larsen, der demonstrerer, hvordan han hurtigt og enkelt kan \u00e6ndre k\u00f8ret\u00f8jet, s\u00e5 det kan k\u00f8re i tre forskellige kombinationer. Da Kurt starter sin demonstration, st\u00e5r bilen som forvogn, og det 5,5 meter lange kn\u00e6klad rager cirka halvanden meter bagud i forhold til den bageste aksel. Bag p\u00e5 ladet sidder en flytbar kofanger. Ved at fjerne to stykker fladjern med huller, klappes kofangeren sammen og kan nu fastg\u00f8res under ladet med bolte og splitter. Under ladet kommer en kobling til k\u00e6rretr\u00e6k til syne, og forvognen er klar til at blive sp\u00e6ndt for en k\u00e6rre. Ved hj\u00e6lp af et lille kamera bag p\u00e5 bilen f\u00e5r Kurt let og hurtigt bakket til og tilkoblet den to-akslede k\u00e6rre. Hele operationen har taget mindre end 10 minutter.<\/p>\n<p>&nbsp;<\/p>\n<h2><strong>Fra forvogn til tr\u00e6kker<\/strong><\/h2>\n<p>Den n\u00e6ste demonstration varer et par minutter mere, men det skyldes, at det er n\u00f8dvendigt at bruge kranen, n\u00e5r forvognen skal omdannes til tr\u00e6kker. S\u00e6ttevognsskamlen er placeret p\u00e5 undersiden af kn\u00e6kladets bageste del, og derfor skal denne del af ladet foldes og placeres oven p\u00e5 den forreste del af ladet.<\/p>\n<p>F\u00f8rst k\u00f8rer Kurt kranens st\u00f8tteben ud, og dern\u00e6st foldes kranen ud, og krogen i enden fastg\u00f8res i et lille h\u00e5ndtag bag p\u00e5 kn\u00e6kladet. Herefter foldes ladet sammen, og skamlen kommer til syne. Ladet l\u00e5ses, og n\u00e5r kran og st\u00f8tteben er foldet sammen, kan traileren kobles p\u00e5, og Kurt Larsen er klar til nye opgaver med plads til mere gods.<\/p>\n<p>En ekstra finesse ved k\u00f8ret\u00f8jet er, at ladh\u00f8jden blot er 1,10 m, hvilket g\u00f8r det muligt at k\u00f8re med ret h\u00f8je emner, ogs\u00e5 containere. Bilen er fuldt luft-affjedret og kan s\u00e6nkes yderligere, hvis dette er n\u00f8dvendigt.<\/p>\n<p>Kurt Larsen har meget k\u00f8rsel p\u00e5 Esbjerg Havn, og b\u00e5de bil, trailer og k\u00e6rre er placeret p\u00e5 Johannesens plads t\u00e6t ved havnen. Det betyder, at chauff\u00f8ren er meget fleksibel i forhold til de opgaver, der skal l\u00f8ses, for han kan hurtigt skifte k\u00f8ret\u00f8js-kombination, hvis\u00a0jobbet kr\u00e6ver det.<\/p>\n<p>&nbsp;<\/p>\n<h2><strong>Finsk forbillede<\/strong><\/h2>\n<p>Det var ved et tilf\u00e6lde, at Jens Johannesen fik id\u00e9en til \u201dtre i \u00e9n-l\u00f8sningen\u201d. Han g\u00e5r meget op i at optimere virksomhedens kranbiler og er altid \u00e5ben for nye l\u00f8sninger. En dag, han surfede rundt p\u00e5 nettet, havnede han p\u00e5 en tysk hjemmeside, <a href=\"http:\/\/www.ditzj.de\/\">www.ditzj.de<\/a>, hvor han s\u00e5 billeder af en finsk lastbil, der var opbygget, s\u00e5 skamlen var monteret p\u00e5 undersiden af kn\u00e6kladet. Bil og kran var oven i k\u00f8bet hhv. Scania og Fassi, som er de foretrukne m\u00e6rker hos Johannesen Kran- &amp; Maskintransport.<\/p>\n<p>Den danske vognmand viste billederne til opbyggerfirmaet TMP Hydraulik, hvor man f\u00f8rst rystede p\u00e5 hovedet. Men som de seje jyder, de er hos firmaet i Thyholm, gik de alligevel i gang med opgaven, der blev l\u00f8st til Jens Johannesens fulde tilfredshed.<\/p>\n<p>\u00bbDet har selvf\u00f8lgelig v\u00e6ret dyrere end en almindelig opbygning, men de penge skal vi nok tjene ind igen, fordi k\u00f8ret\u00f8jet kan bruges til s\u00e5 mange forskellige opgaver,\u00ab siger Jens Johannesen, der forventer at have gl\u00e6de af bilen i de n\u00e6ste 10 \u00e5r.<\/p>\n<p>&nbsp;<\/p>\n<h2><strong>Glad for automatgear<\/strong><\/h2>\n<p>Johannesen Kran- &amp; Maskintransport har i alt 25 biler, der er besk\u00e6ftiget med alle former for kran- og bakseopgaver. Fire af bilerne st\u00e5r i afdelingen i Fredericia og fire i Esbjerg, heriblandt den nye Scania. N\u00e5r den er placeret her, skyldes det ganske enkelt, at Kurt Larsens gamle 3-akslede MAN med tilh\u00f8rende 66 tonmeter kran tr\u00e6ngte til udskiftning. Det er et bytte, den 49-\u00e5rige chauff\u00f8r er godt tilfreds med. Is\u00e6r er han begejstret for Scanias nye automatiske gearskifte.<\/p>\n<p>\u00bbJeg har ikke tidligere k\u00f8rt med automatgear, men efter 10 minutter t\u00e6nkte jeg ikke over det l\u00e6ngere, for det fungerer up\u00e5klageligt,\u00ab siger Kurt.<\/p>\n<p>F\u00f8rerhusene i Scanias G-serie har lav indstigning, og de f\u00e5s b\u00e5de som dagf\u00f8rerhuse og med sovekabine. Ofte vil man v\u00e6lge det korte dagf\u00f8rerhus for at spare p\u00e5 pladsen, men da Kurt Larsen indimellem har behov for at overnatte ude, er der valgt en sovekabine. For selvom bil og chauff\u00f8r har base i Esbjerg-omr\u00e5det, k\u00f8rer Kurt over hele landet. En af de faste opgaver er at fragte redningsb\u00e5de til og fra VIKING Life-Saving Equipment i Esbjerg. B\u00e5dene afmonteres p\u00e5 skibene for at blive k\u00f8rt til de lovpligtige eftersyn p\u00e5 fabrikken. N\u00e5r det er overst\u00e5et, k\u00f8res de retur og monteres igen.<\/p>\n<p>&nbsp;<\/p>\n<h2><strong>Fra truckf\u00f8rer til chauff\u00f8r<\/strong><\/h2>\n<p>Den dag, vi m\u00f8der Kurt Larsen, skal han l\u00e6sse i R\u00f8dding. Godset er isolerede aluminiumskviste, der skal k\u00f8res til Aarhus og monteres ved et byggeri. Kurt l\u00e6sser kvistene p\u00e5 traileren, men n\u00e5r han kommer til Aarhus, er det ikke sikkert, at han kan komme ind p\u00e5 byggepladsen med traileren. S\u00e5 har han mulighed for at koble fra, omdanne tr\u00e6kkeren til forvogn og flytte kvistene over p\u00e5 forvognen, der lettere kan komme rundt p\u00e5 steder, hvor det kniber med pladsen.<\/p>\n<p>\u00bbAndre gange skal jeg m\u00e5ske bare flytte et par paller p\u00e5 Esbjerg Havn, og s\u00e5 er der ingen grund til at tage trailer eller k\u00e6rre med. Hvis jeg havde en almindelig tr\u00e6kker, var jeg meget mere l\u00e5st,\u00ab siger Kurt Larsen, der har k\u00f8rt som chauff\u00f8r hos Johannesen Kran- &amp; Maskintransport i de seneste fire \u00e5r. Forinden k\u00f8rte han gaffeltruck, og han har ogs\u00e5 arbejdet p\u00e5 en maskinstation.<\/p>\n<p>\u00bbMen jeg har absolut ikke fortrudt, at jeg blev chauff\u00f8r. Det er et meget afvekslende job, og det er et godt firma, jeg arbejder i,\u00ab\u00a0understreger han.<\/p>\n<p>&nbsp;<\/p>\n<p>Kilde:\u00a0<a href=\"http:\/\/www.lmmedier.dk\/index.php?option=com_content&amp;view=article&amp;id=49&amp;Itemid=49&amp;showall=1\">http:\/\/www.lmmedier.dk\/index.php?option=com_content&amp;view=article&amp;id=49&amp;I&#8230;<\/a><\/p>\n<p>[\/et_pb_text][\/et_pb_column][et_pb_column type=&#8221;1_3&#8243;][et_pb_image admin_label=&#8221;Billede&#8221; src=&#8221;https:\/\/johannesen-maskintransport.dk\/wp-content\/uploads\/2016\/03\/vogn1-2-2.jpg&#8221; show_in_lightbox=&#8221;off&#8221; url_new_window=&#8221;off&#8221; use_overlay=&#8221;off&#8221; animation=&#8221;left&#8221; sticky=&#8221;off&#8221; align=&#8221;left&#8221; force_fullwidth=&#8221;off&#8221; always_center_on_mobile=&#8221;on&#8221; use_border_color=&#8221;off&#8221; border_color=&#8221;#ffffff&#8221; border_style=&#8221;solid&#8221;]<\/p>\n<p>[\/et_pb_image][et_pb_image admin_label=&#8221;Billede&#8221; src=&#8221;https:\/\/johannesen-maskintransport.dk\/wp-content\/uploads\/2016\/03\/C7T0016.jpg&#8221; show_in_lightbox=&#8221;off&#8221; url_new_window=&#8221;off&#8221; use_overlay=&#8221;off&#8221; animation=&#8221;left&#8221; sticky=&#8221;off&#8221; align=&#8221;left&#8221; force_fullwidth=&#8221;off&#8221; always_center_on_mobile=&#8221;on&#8221; use_border_color=&#8221;off&#8221; border_color=&#8221;#ffffff&#8221; border_style=&#8221;solid&#8221;]<\/p>\n<p>[\/et_pb_image][\/et_pb_column][\/et_pb_row][\/et_pb_section][et_pb_section admin_label=&#8221;Sektion&#8221; fullwidth=&#8221;off&#8221; specialty=&#8221;off&#8221; transparent_background=&#8221;off&#8221; background_color=&#8221;#000000&#8243; allow_player_pause=&#8221;off&#8221; inner_shadow=&#8221;off&#8221; parallax=&#8221;on&#8221; parallax_method=&#8221;on&#8221; padding_mobile=&#8221;off&#8221; make_fullwidth=&#8221;off&#8221; use_custom_width=&#8221;off&#8221; width_unit=&#8221;on&#8221; make_equal=&#8221;off&#8221; use_custom_gutter=&#8221;off&#8221; background_image=&#8221;https:\/\/johannesen-maskintransport.dk\/wp-content\/uploads\/2016\/03\/C7T9913.jpg&#8221; custom_padding=&#8221;0px|0px|0px|0px&#8221;][et_pb_row admin_label=&#8221;R\u00e6kke&#8221; make_fullwidth=&#8221;on&#8221; use_custom_width=&#8221;on&#8221; width_unit=&#8221;off&#8221; use_custom_gutter=&#8221;on&#8221; padding_mobile=&#8221;off&#8221; allow_player_pause=&#8221;off&#8221; parallax=&#8221;off&#8221; parallax_method=&#8221;off&#8221; make_equal=&#8221;off&#8221; parallax_1=&#8221;off&#8221; parallax_method_1=&#8221;off&#8221; column_padding_mobile=&#8221;on&#8221; background_color=&#8221;rgba(10,0,0,0.36)&#8221; custom_width_px=&#8221;684px&#8221; custom_width_percent=&#8221;100%&#8221; gutter_width=&#8221;0&#8243;][et_pb_column type=&#8221;4_4&#8243;][et_pb_cta admin_label=&#8221;Opfordring Til Handling&#8221; title=&#8221;We offer nationwide crane service AROUND THE CLOCK!&#8221; button_url=&#8221;\/en\/contact-us\/&#8221; url_new_window=&#8221;off&#8221; button_text=&#8221;CONTACT US HERE&#8221; use_background_color=&#8221;off&#8221; background_color=&#8221;rgba(0,0,0,0.36)&#8221; background_layout=&#8221;dark&#8221; text_orientation=&#8221;center&#8221; use_border_color=&#8221;off&#8221; border_color=&#8221;#ffffff&#8221; border_style=&#8221;solid&#8221; custom_padding=&#8221;30px||30px|&#8221; custom_button=&#8221;off&#8221; button_border_width=&#8221;0&#8243; button_letter_spacing=&#8221;0&#8243; button_use_icon=&#8221;default&#8221; button_icon_placement=&#8221;right&#8221; button_on_hover=&#8221;on&#8221; button_letter_spacing_hover=&#8221;0&#8243; disabled=&#8221;off&#8221; saved_tabs=&#8221;all&#8221;]<\/p>\n<p>[\/et_pb_cta][\/et_pb_column][\/et_pb_row][\/et_pb_section]<\/p>\n","protected":false},"excerpt":{"rendered":"<p>HELE TRE \u00d8NSKER P\u00c5 \u00c9N GANG &nbsp; Johannesen Kran- &amp; Maskintransport har f\u00e5et opbygget en kranbil, der b\u00e5de kan k\u00f8re som tr\u00e6kker, forvogn og i kombination med k\u00e6rre eller p\u00e5h\u00e6ngsvogn. \u00a0 &nbsp; Tekniske specifikationer Model: Scania G480LB 8&#215;4. Motor: 6-cylindret Scania DC1307 480 Euro5 uden AdBlue. Effekt: 480 hk ved 1900 o\/min. Maks. moment 2500 [&hellip;]<\/p>\n","protected":false},"author":2,"featured_media":0,"parent":2095,"menu_order":0,"comment_status":"closed","ping_status":"closed","template":"","meta":{"_et_pb_use_builder":"on","_et_pb_old_content":"","_et_gb_content_width":"","footnotes":""},"class_list":["post-2109","page","type-page","status-publish","hentry"],"yoast_head":"<!-- This site is optimized with the Yoast SEO plugin v26.0 - https:\/\/yoast.com\/wordpress\/plugins\/seo\/ -->\n<title>Artikler | Kran- og maskintransport | L\u00e6s meget mere nu<\/title>\n<meta name=\"description\" content=\"Johannesen kran- og maskintransport har f\u00e5et opbygget en kranbil, der b\u00e5de kan k\u00e6re som tr\u00e6kker, forvogn og i kombination med k\u00e6rre eller p\u00e5h\u00e6ngsvogn.\" \/>\n<meta name=\"robots\" content=\"index, follow, max-snippet:-1, max-image-preview:large, max-video-preview:-1\" \/>\n<link rel=\"canonical\" href=\"https:\/\/johannesen-maskintransport.dk\/en\/the-company\/articles\/\" \/>\n<meta property=\"og:locale\" content=\"en_US\" \/>\n<meta property=\"og:type\" content=\"article\" \/>\n<meta property=\"og:title\" content=\"Artikler | Kran- og maskintransport | L\u00e6s meget mere nu\" \/>\n<meta property=\"og:description\" content=\"Johannesen kran- og maskintransport har f\u00e5et opbygget en kranbil, der b\u00e5de kan k\u00e6re som tr\u00e6kker, forvogn og i kombination med k\u00e6rre eller p\u00e5h\u00e6ngsvogn.\" \/>\n<meta property=\"og:url\" content=\"https:\/\/johannesen-maskintransport.dk\/en\/the-company\/articles\/\" \/>\n<meta property=\"og:site_name\" content=\"Johannesen Maskintransport\" \/>\n<meta property=\"article:modified_time\" content=\"2017-06-21T10:55:19+00:00\" \/>\n<meta name=\"twitter:card\" content=\"summary_large_image\" \/>\n<meta name=\"twitter:label1\" content=\"Est. reading time\" \/>\n\t<meta name=\"twitter:data1\" content=\"9 minutes\" \/>\n<script type=\"application\/ld+json\" class=\"yoast-schema-graph\">{\"@context\":\"https:\/\/schema.org\",\"@graph\":[{\"@type\":\"WebPage\",\"@id\":\"https:\/\/johannesen-maskintransport.dk\/en\/the-company\/articles\/\",\"url\":\"https:\/\/johannesen-maskintransport.dk\/en\/the-company\/articles\/\",\"name\":\"Artikler | Kran- og maskintransport | L\u00e6s meget mere nu\",\"isPartOf\":{\"@id\":\"https:\/\/johannesen-maskintransport.dk\/#website\"},\"datePublished\":\"2017-01-19T10:25:20+00:00\",\"dateModified\":\"2017-06-21T10:55:19+00:00\",\"description\":\"Johannesen kran- og maskintransport har f\u00e5et opbygget en kranbil, der b\u00e5de kan k\u00e6re som tr\u00e6kker, forvogn og i kombination med k\u00e6rre eller p\u00e5h\u00e6ngsvogn.\",\"breadcrumb\":{\"@id\":\"https:\/\/johannesen-maskintransport.dk\/en\/the-company\/articles\/#breadcrumb\"},\"inLanguage\":\"en-US\",\"potentialAction\":[{\"@type\":\"ReadAction\",\"target\":[\"https:\/\/johannesen-maskintransport.dk\/en\/the-company\/articles\/\"]}]},{\"@type\":\"BreadcrumbList\",\"@id\":\"https:\/\/johannesen-maskintransport.dk\/en\/the-company\/articles\/#breadcrumb\",\"itemListElement\":[{\"@type\":\"ListItem\",\"position\":1,\"name\":\"Johannesen kran- og maskintransport\",\"item\":\"https:\/\/johannesen-maskintransport.dk\/\"},{\"@type\":\"ListItem\",\"position\":2,\"name\":\"THE COMPANY\",\"item\":\"https:\/\/johannesen-maskintransport.dk\/en\/the-company\/\"},{\"@type\":\"ListItem\",\"position\":3,\"name\":\"ARTICLES\"}]},{\"@type\":\"WebSite\",\"@id\":\"https:\/\/johannesen-maskintransport.dk\/#website\",\"url\":\"https:\/\/johannesen-maskintransport.dk\/\",\"name\":\"Johannesen Maskintransport\",\"description\":\"Nationwide Craneservice\",\"potentialAction\":[{\"@type\":\"SearchAction\",\"target\":{\"@type\":\"EntryPoint\",\"urlTemplate\":\"https:\/\/johannesen-maskintransport.dk\/?s={search_term_string}\"},\"query-input\":{\"@type\":\"PropertyValueSpecification\",\"valueRequired\":true,\"valueName\":\"search_term_string\"}}],\"inLanguage\":\"en-US\"}]}<\/script>\n<!-- \/ Yoast SEO plugin. -->","yoast_head_json":{"title":"Artikler | Kran- og maskintransport | L\u00e6s meget mere nu","description":"Johannesen kran- og maskintransport har f\u00e5et opbygget en kranbil, der b\u00e5de kan k\u00e6re som tr\u00e6kker, forvogn og i kombination med k\u00e6rre eller p\u00e5h\u00e6ngsvogn.","robots":{"index":"index","follow":"follow","max-snippet":"max-snippet:-1","max-image-preview":"max-image-preview:large","max-video-preview":"max-video-preview:-1"},"canonical":"https:\/\/johannesen-maskintransport.dk\/en\/the-company\/articles\/","og_locale":"en_US","og_type":"article","og_title":"Artikler | Kran- og maskintransport | L\u00e6s meget mere nu","og_description":"Johannesen kran- og maskintransport har f\u00e5et opbygget en kranbil, der b\u00e5de kan k\u00e6re som tr\u00e6kker, forvogn og i kombination med k\u00e6rre eller p\u00e5h\u00e6ngsvogn.","og_url":"https:\/\/johannesen-maskintransport.dk\/en\/the-company\/articles\/","og_site_name":"Johannesen Maskintransport","article_modified_time":"2017-06-21T10:55:19+00:00","twitter_card":"summary_large_image","twitter_misc":{"Est. reading time":"9 minutes"},"schema":{"@context":"https:\/\/schema.org","@graph":[{"@type":"WebPage","@id":"https:\/\/johannesen-maskintransport.dk\/en\/the-company\/articles\/","url":"https:\/\/johannesen-maskintransport.dk\/en\/the-company\/articles\/","name":"Artikler | Kran- og maskintransport | L\u00e6s meget mere nu","isPartOf":{"@id":"https:\/\/johannesen-maskintransport.dk\/#website"},"datePublished":"2017-01-19T10:25:20+00:00","dateModified":"2017-06-21T10:55:19+00:00","description":"Johannesen kran- og maskintransport har f\u00e5et opbygget en kranbil, der b\u00e5de kan k\u00e6re som tr\u00e6kker, forvogn og i kombination med k\u00e6rre eller p\u00e5h\u00e6ngsvogn.","breadcrumb":{"@id":"https:\/\/johannesen-maskintransport.dk\/en\/the-company\/articles\/#breadcrumb"},"inLanguage":"en-US","potentialAction":[{"@type":"ReadAction","target":["https:\/\/johannesen-maskintransport.dk\/en\/the-company\/articles\/"]}]},{"@type":"BreadcrumbList","@id":"https:\/\/johannesen-maskintransport.dk\/en\/the-company\/articles\/#breadcrumb","itemListElement":[{"@type":"ListItem","position":1,"name":"Johannesen kran- og maskintransport","item":"https:\/\/johannesen-maskintransport.dk\/"},{"@type":"ListItem","position":2,"name":"THE COMPANY","item":"https:\/\/johannesen-maskintransport.dk\/en\/the-company\/"},{"@type":"ListItem","position":3,"name":"ARTICLES"}]},{"@type":"WebSite","@id":"https:\/\/johannesen-maskintransport.dk\/#website","url":"https:\/\/johannesen-maskintransport.dk\/","name":"Johannesen Maskintransport","description":"Nationwide Craneservice","potentialAction":[{"@type":"SearchAction","target":{"@type":"EntryPoint","urlTemplate":"https:\/\/johannesen-maskintransport.dk\/?s={search_term_string}"},"query-input":{"@type":"PropertyValueSpecification","valueRequired":true,"valueName":"search_term_string"}}],"inLanguage":"en-US"}]}},"_links":{"self":[{"href":"https:\/\/johannesen-maskintransport.dk\/en\/wp-json\/wp\/v2\/pages\/2109","targetHints":{"allow":["GET"]}}],"collection":[{"href":"https:\/\/johannesen-maskintransport.dk\/en\/wp-json\/wp\/v2\/pages"}],"about":[{"href":"https:\/\/johannesen-maskintransport.dk\/en\/wp-json\/wp\/v2\/types\/page"}],"author":[{"embeddable":true,"href":"https:\/\/johannesen-maskintransport.dk\/en\/wp-json\/wp\/v2\/users\/2"}],"replies":[{"embeddable":true,"href":"https:\/\/johannesen-maskintransport.dk\/en\/wp-json\/wp\/v2\/comments?post=2109"}],"version-history":[{"count":4,"href":"https:\/\/johannesen-maskintransport.dk\/en\/wp-json\/wp\/v2\/pages\/2109\/revisions"}],"predecessor-version":[{"id":2233,"href":"https:\/\/johannesen-maskintransport.dk\/en\/wp-json\/wp\/v2\/pages\/2109\/revisions\/2233"}],"up":[{"embeddable":true,"href":"https:\/\/johannesen-maskintransport.dk\/en\/wp-json\/wp\/v2\/pages\/2095"}],"wp:attachment":[{"href":"https:\/\/johannesen-maskintransport.dk\/en\/wp-json\/wp\/v2\/media?parent=2109"}],"curies":[{"name":"wp","href":"https:\/\/api.w.org\/{rel}","templated":true}]}}