{"id":2159,"date":"2017-06-20T11:56:45","date_gmt":"2017-06-20T11:56:45","guid":{"rendered":"https:\/\/johannesen-maskintransport.dk\/?page_id=2159\/"},"modified":"2017-06-21T11:01:38","modified_gmt":"2017-06-21T11:01:38","slug":"allgemeine-kranwagen","status":"publish","type":"page","link":"https:\/\/johannesen-maskintransport.dk\/de\/was-wir-bieten\/allgemeine-kranwagen\/","title":{"rendered":"ALLGEMEINE KRANWAGEN"},"content":{"rendered":"<p>[et_pb_section admin_label=&#8220;Sektion&#8220; fullwidth=&#8220;on&#8220; specialty=&#8220;off&#8220;][et_pb_fullwidth_menu admin_label=&#8220;Fuldbredde Menu&#8220; menu_id=&#8220;15&#8243; background_color=&#8220;#e02b20&#8243; background_layout=&#8220;dark&#8220; text_orientation=&#8220;right&#8220; submenu_direction=&#8220;downwards&#8220; fullwidth_menu=&#8220;off&#8220; dropdown_menu_animation=&#8220;fade&#8220;]<\/p>\n<p>[\/et_pb_fullwidth_menu][\/et_pb_section][et_pb_section admin_label=&#8220;Sektion&#8220; fullwidth=&#8220;on&#8220; specialty=&#8220;off&#8220;][et_pb_fullwidth_header admin_label=&#8220;Fuldbredde Overskrift&#8220; title=&#8220;ALLGEMEINE KRANWAGEN&#8220; background_layout=&#8220;light&#8220; text_orientation=&#8220;left&#8220; header_fullscreen=&#8220;off&#8220; header_scroll_down=&#8220;off&#8220; background_color=&#8220;#ffffff&#8220; parallax=&#8220;off&#8220; parallax_method=&#8220;off&#8220; content_orientation=&#8220;center&#8220; image_orientation=&#8220;center&#8220; custom_button_one=&#8220;off&#8220; button_one_border_width=&#8220;0&#8243; button_one_letter_spacing=&#8220;0&#8243; button_one_use_icon=&#8220;default&#8220; button_one_icon_placement=&#8220;right&#8220; button_one_on_hover=&#8220;on&#8220; button_one_letter_spacing_hover=&#8220;0&#8243; custom_button_two=&#8220;off&#8220; button_two_border_width=&#8220;0&#8243; button_two_letter_spacing=&#8220;0&#8243; button_two_use_icon=&#8220;default&#8220; button_two_icon_placement=&#8220;right&#8220; button_two_on_hover=&#8220;on&#8220; button_two_letter_spacing_hover=&#8220;0&#8243; title_font_size=&#8220;40px&#8220;]<\/p>\n<p>[\/et_pb_fullwidth_header][\/et_pb_section][et_pb_section admin_label=&#8220;Sektion&#8220; fullwidth=&#8220;off&#8220; specialty=&#8220;off&#8220; transparent_background=&#8220;off&#8220; allow_player_pause=&#8220;off&#8220; inner_shadow=&#8220;off&#8220; parallax=&#8220;off&#8220; parallax_method=&#8220;off&#8220; padding_mobile=&#8220;off&#8220; disabled=&#8220;on&#8220; disabled_on=&#8220;on|on|on&#8220; make_fullwidth=&#8220;off&#8220; use_custom_width=&#8220;off&#8220; width_unit=&#8220;on&#8220; make_equal=&#8220;off&#8220; use_custom_gutter=&#8220;off&#8220;][et_pb_row admin_label=&#8220;R\u00e6kke&#8220;][et_pb_column type=&#8220;2_3&#8243;][et_pb_text admin_label=&#8220;Tekst&#8220; background_layout=&#8220;light&#8220; text_orientation=&#8220;left&#8220; use_border_color=&#8220;off&#8220; border_color=&#8220;#ffffff&#8220; border_style=&#8220;solid&#8220;]<\/p>\n<p>Hos Johannesen kran og maskintransport ApS besidder vi 40 kranbiler, der er fordelt i hele landet. Vores udvalg af kranbiler er s\u00e6rdeles bredt, vi har kraner fra 24 t\/m helt op til 375 t\/m, som er i stand til at r\u00e6kke op til en h\u00f8jde p\u00e5 63 meter.<\/p>\n<p>Vi har lavt opbyggede kranbiler, der er s\u00e6rdeles velegnede til at arbejde i lave bygninger. Er du i tvivl om, hvorvidt en almindelig kranbil kan komme til, hvor du skal bruge den, tager vi altid ud og besigtiger opgaven, s\u00e5 vi sammen kan blive enige om den bedste l\u00f8sning.<\/p>\n<p>Vi kan ogs\u00e5 tilbyde dig kranbiler med en s\u00e6rlig lav l\u00e6sseh\u00f8jde.<\/p>\n<p>Nogle af vores kranbiler er med specielt bygget udstyr, der g\u00f8r dem i stand til at transportere diverse maskiner, b\u00e5de, skibscontainere, pavilloner, arbejdsplatforme, personhejs og meget mere.<\/p>\n<p>Desuden har vi mulighed for at tilbyde dig blokvogne, nedbyggede udtr\u00e6ksanh\u00e6ngere, udtr\u00e6kstrailere samt nedbyggede trailere med udtr\u00e6k eller seng.<\/p>\n<p>En af vores nyeste vogne i parken hedder vogn 141. Det s\u00e6rlige ved denne vogn er, at den er med elmotor. Det er alts\u00e5 muligt med denne vogn at benytte kranen uden, at dieselmotoren beh\u00f8ver at snurre. Med denne nye vogn har vi taget et skridt mod at v\u00e6re mere milj\u00f8bevidste.<\/p>\n<p>I l\u00f8bet af for\u00e5ret 2017 f\u00e5r vi leveret fem nye lastbiler. De er ved opbyggeren lige nu, s\u00e5 vi f\u00e5r dem n\u00f8jagtigt, som vi \u00f8nsker. Vi gl\u00e6der os meget til, at de kommer hjem, og at vi kan servicere vores kunder hurtigere med vores nye ressourcer.<\/p>\n<p>Alle vores kranbiler er monteret med det lovm\u00e6ssige milj\u00f8filter, og vi overholder samtlige regler. Har du sp\u00f8rgsm\u00e5l ang\u00e5ende vores vognpark eller andre ting, er du altid velkommen til at kontakte os.<\/p>\n<p>[\/et_pb_text][\/et_pb_column][et_pb_column type=&#8220;1_3&#8243;][et_pb_image admin_label=&#8220;Billede&#8220; src=&#8220;https:\/\/johannesen-maskintransport.dk\/wp-content\/uploads\/2016\/03\/C7T9286.jpg&#8220; show_in_lightbox=&#8220;off&#8220; url_new_window=&#8220;off&#8220; use_overlay=&#8220;off&#8220; animation=&#8220;left&#8220; sticky=&#8220;off&#8220; align=&#8220;left&#8220; force_fullwidth=&#8220;off&#8220; always_center_on_mobile=&#8220;on&#8220; use_border_color=&#8220;off&#8220; border_color=&#8220;#ffffff&#8220; border_style=&#8220;solid&#8220;]<\/p>\n<p>[\/et_pb_image][et_pb_image admin_label=&#8220;Billede&#8220; src=&#8220;https:\/\/johannesen-maskintransport.dk\/wp-content\/uploads\/2016\/03\/C7T0016.jpg&#8220; show_in_lightbox=&#8220;off&#8220; url_new_window=&#8220;off&#8220; use_overlay=&#8220;off&#8220; animation=&#8220;left&#8220; sticky=&#8220;off&#8220; align=&#8220;left&#8220; force_fullwidth=&#8220;off&#8220; always_center_on_mobile=&#8220;on&#8220; use_border_color=&#8220;off&#8220; border_color=&#8220;#ffffff&#8220; border_style=&#8220;solid&#8220;]<\/p>\n<p>[\/et_pb_image][\/et_pb_column][\/et_pb_row][\/et_pb_section][et_pb_section admin_label=&#8220;Sektion&#8220; fullwidth=&#8220;off&#8220; specialty=&#8220;off&#8220; transparent_background=&#8220;off&#8220; background_color=&#8220;#000000&#8243; allow_player_pause=&#8220;off&#8220; inner_shadow=&#8220;off&#8220; parallax=&#8220;on&#8220; parallax_method=&#8220;on&#8220; padding_mobile=&#8220;off&#8220; make_fullwidth=&#8220;off&#8220; use_custom_width=&#8220;off&#8220; width_unit=&#8220;on&#8220; make_equal=&#8220;off&#8220; use_custom_gutter=&#8220;off&#8220; background_image=&#8220;https:\/\/johannesen-maskintransport.dk\/wp-content\/uploads\/2016\/03\/C7T9913.jpg&#8220; custom_padding=&#8220;0px|0px|0px|0px&#8220;][et_pb_row admin_label=&#8220;R\u00e6kke&#8220; make_fullwidth=&#8220;on&#8220; use_custom_width=&#8220;on&#8220; width_unit=&#8220;off&#8220; use_custom_gutter=&#8220;on&#8220; padding_mobile=&#8220;off&#8220; allow_player_pause=&#8220;off&#8220; parallax=&#8220;off&#8220; parallax_method=&#8220;off&#8220; make_equal=&#8220;off&#8220; parallax_1=&#8220;off&#8220; parallax_method_1=&#8220;off&#8220; column_padding_mobile=&#8220;on&#8220; background_color=&#8220;rgba(10,0,0,0.36)&#8220; custom_width_px=&#8220;684px&#8220; custom_width_percent=&#8220;100%&#8220; gutter_width=&#8220;0&#8243;][et_pb_column type=&#8220;4_4&#8243;][et_pb_cta admin_label=&#8220;Opfordring Til Handling&#8220; title=&#8220;Wir bieten einen landesweiten Kranservice an!&#8220; button_url=&#8220;\/de\/kontakt\/&#8220; url_new_window=&#8220;off&#8220; button_text=&#8220;Rufen Sie uns an&#8220; use_background_color=&#8220;off&#8220; background_color=&#8220;rgba(0,0,0,0.36)&#8220; background_layout=&#8220;dark&#8220; text_orientation=&#8220;center&#8220; use_border_color=&#8220;off&#8220; border_color=&#8220;#ffffff&#8220; border_style=&#8220;solid&#8220; custom_padding=&#8220;30px||30px|&#8220; custom_button=&#8220;off&#8220; button_border_width=&#8220;0&#8243; button_letter_spacing=&#8220;0&#8243; button_use_icon=&#8220;default&#8220; button_icon_placement=&#8220;right&#8220; button_on_hover=&#8220;on&#8220; button_letter_spacing_hover=&#8220;0&#8243; disabled=&#8220;off&#8220; saved_tabs=&#8220;all&#8220;]<\/p>\n<p>[\/et_pb_cta][\/et_pb_column][\/et_pb_row][\/et_pb_section]<\/p>\n","protected":false},"excerpt":{"rendered":"<p>Hos Johannesen kran og maskintransport ApS besidder vi 40 kranbiler, der er fordelt i hele landet. Vores udvalg af kranbiler er s\u00e6rdeles bredt, vi har kraner fra 24 t\/m helt op til 375 t\/m, som er i stand til at r\u00e6kke op til en h\u00f8jde p\u00e5 63 meter. Vi har lavt opbyggede kranbiler, der er [&hellip;]<\/p>\n","protected":false},"author":1,"featured_media":0,"parent":2136,"menu_order":0,"comment_status":"closed","ping_status":"closed","template":"","meta":{"_et_pb_use_builder":"on","_et_pb_old_content":"","_et_gb_content_width":"","footnotes":""},"class_list":["post-2159","page","type-page","status-publish","hentry"],"yoast_head":"<!-- This site is optimized with the Yoast SEO plugin v26.0 - https:\/\/yoast.com\/wordpress\/plugins\/seo\/ -->\n<title>ALLGEMEINE KRANWAGEN | Johannesen Maskintransport<\/title>\n<meta name=\"description\" content=\"Johannesen kran- og maskintransport\" \/>\n<meta name=\"robots\" content=\"index, follow, max-snippet:-1, max-image-preview:large, max-video-preview:-1\" \/>\n<link rel=\"canonical\" href=\"https:\/\/johannesen-maskintransport.dk\/de\/was-wir-bieten\/allgemeine-kranwagen\/\" \/>\n<meta property=\"og:locale\" content=\"de_DE\" \/>\n<meta property=\"og:type\" content=\"article\" \/>\n<meta property=\"og:title\" content=\"ALLGEMEINE KRANWAGEN | Johannesen Maskintransport\" \/>\n<meta property=\"og:description\" content=\"Johannesen kran- og maskintransport\" \/>\n<meta property=\"og:url\" content=\"https:\/\/johannesen-maskintransport.dk\/de\/was-wir-bieten\/allgemeine-kranwagen\/\" \/>\n<meta property=\"og:site_name\" content=\"Johannesen Maskintransport\" \/>\n<meta property=\"article:modified_time\" content=\"2017-06-21T11:01:38+00:00\" \/>\n<meta name=\"twitter:card\" content=\"summary_large_image\" \/>\n<meta name=\"twitter:label1\" content=\"Gesch\u00e4tzte Lesezeit\" \/>\n\t<meta name=\"twitter:data1\" content=\"5\u00a0Minuten\" \/>\n<script type=\"application\/ld+json\" class=\"yoast-schema-graph\">{\"@context\":\"https:\/\/schema.org\",\"@graph\":[{\"@type\":\"WebPage\",\"@id\":\"https:\/\/johannesen-maskintransport.dk\/de\/was-wir-bieten\/allgemeine-kranwagen\/\",\"url\":\"https:\/\/johannesen-maskintransport.dk\/de\/was-wir-bieten\/allgemeine-kranwagen\/\",\"name\":\"ALLGEMEINE KRANWAGEN | Johannesen Maskintransport\",\"isPartOf\":{\"@id\":\"https:\/\/johannesen-maskintransport.dk\/#website\"},\"datePublished\":\"2017-06-20T11:56:45+00:00\",\"dateModified\":\"2017-06-21T11:01:38+00:00\",\"description\":\"Johannesen kran- og maskintransport\",\"breadcrumb\":{\"@id\":\"https:\/\/johannesen-maskintransport.dk\/de\/was-wir-bieten\/allgemeine-kranwagen\/#breadcrumb\"},\"inLanguage\":\"de\",\"potentialAction\":[{\"@type\":\"ReadAction\",\"target\":[\"https:\/\/johannesen-maskintransport.dk\/de\/was-wir-bieten\/allgemeine-kranwagen\/\"]}]},{\"@type\":\"BreadcrumbList\",\"@id\":\"https:\/\/johannesen-maskintransport.dk\/de\/was-wir-bieten\/allgemeine-kranwagen\/#breadcrumb\",\"itemListElement\":[{\"@type\":\"ListItem\",\"position\":1,\"name\":\"Johannesen kran- og maskintransport\",\"item\":\"https:\/\/johannesen-maskintransport.dk\/de\/forside-2\/\"},{\"@type\":\"ListItem\",\"position\":2,\"name\":\"WAS WIR BIETEN\",\"item\":\"https:\/\/johannesen-maskintransport.dk\/de\/was-wir-bieten\/\"},{\"@type\":\"ListItem\",\"position\":3,\"name\":\"ALLGEMEINE KRANWAGEN\"}]},{\"@type\":\"WebSite\",\"@id\":\"https:\/\/johannesen-maskintransport.dk\/#website\",\"url\":\"https:\/\/johannesen-maskintransport.dk\/\",\"name\":\"Johannesen Maskintransport\",\"description\":\"Landesweiten kraneservice\",\"potentialAction\":[{\"@type\":\"SearchAction\",\"target\":{\"@type\":\"EntryPoint\",\"urlTemplate\":\"https:\/\/johannesen-maskintransport.dk\/?s={search_term_string}\"},\"query-input\":{\"@type\":\"PropertyValueSpecification\",\"valueRequired\":true,\"valueName\":\"search_term_string\"}}],\"inLanguage\":\"de\"}]}<\/script>\n<!-- \/ Yoast SEO plugin. -->","yoast_head_json":{"title":"ALLGEMEINE KRANWAGEN | Johannesen Maskintransport","description":"Johannesen kran- og maskintransport","robots":{"index":"index","follow":"follow","max-snippet":"max-snippet:-1","max-image-preview":"max-image-preview:large","max-video-preview":"max-video-preview:-1"},"canonical":"https:\/\/johannesen-maskintransport.dk\/de\/was-wir-bieten\/allgemeine-kranwagen\/","og_locale":"de_DE","og_type":"article","og_title":"ALLGEMEINE KRANWAGEN | Johannesen Maskintransport","og_description":"Johannesen kran- og maskintransport","og_url":"https:\/\/johannesen-maskintransport.dk\/de\/was-wir-bieten\/allgemeine-kranwagen\/","og_site_name":"Johannesen Maskintransport","article_modified_time":"2017-06-21T11:01:38+00:00","twitter_card":"summary_large_image","twitter_misc":{"Gesch\u00e4tzte Lesezeit":"5\u00a0Minuten"},"schema":{"@context":"https:\/\/schema.org","@graph":[{"@type":"WebPage","@id":"https:\/\/johannesen-maskintransport.dk\/de\/was-wir-bieten\/allgemeine-kranwagen\/","url":"https:\/\/johannesen-maskintransport.dk\/de\/was-wir-bieten\/allgemeine-kranwagen\/","name":"ALLGEMEINE KRANWAGEN | Johannesen Maskintransport","isPartOf":{"@id":"https:\/\/johannesen-maskintransport.dk\/#website"},"datePublished":"2017-06-20T11:56:45+00:00","dateModified":"2017-06-21T11:01:38+00:00","description":"Johannesen kran- og maskintransport","breadcrumb":{"@id":"https:\/\/johannesen-maskintransport.dk\/de\/was-wir-bieten\/allgemeine-kranwagen\/#breadcrumb"},"inLanguage":"de","potentialAction":[{"@type":"ReadAction","target":["https:\/\/johannesen-maskintransport.dk\/de\/was-wir-bieten\/allgemeine-kranwagen\/"]}]},{"@type":"BreadcrumbList","@id":"https:\/\/johannesen-maskintransport.dk\/de\/was-wir-bieten\/allgemeine-kranwagen\/#breadcrumb","itemListElement":[{"@type":"ListItem","position":1,"name":"Johannesen kran- og maskintransport","item":"https:\/\/johannesen-maskintransport.dk\/de\/forside-2\/"},{"@type":"ListItem","position":2,"name":"WAS WIR BIETEN","item":"https:\/\/johannesen-maskintransport.dk\/de\/was-wir-bieten\/"},{"@type":"ListItem","position":3,"name":"ALLGEMEINE KRANWAGEN"}]},{"@type":"WebSite","@id":"https:\/\/johannesen-maskintransport.dk\/#website","url":"https:\/\/johannesen-maskintransport.dk\/","name":"Johannesen Maskintransport","description":"Landesweiten kraneservice","potentialAction":[{"@type":"SearchAction","target":{"@type":"EntryPoint","urlTemplate":"https:\/\/johannesen-maskintransport.dk\/?s={search_term_string}"},"query-input":{"@type":"PropertyValueSpecification","valueRequired":true,"valueName":"search_term_string"}}],"inLanguage":"de"}]}},"_links":{"self":[{"href":"https:\/\/johannesen-maskintransport.dk\/de\/wp-json\/wp\/v2\/pages\/2159","targetHints":{"allow":["GET"]}}],"collection":[{"href":"https:\/\/johannesen-maskintransport.dk\/de\/wp-json\/wp\/v2\/pages"}],"about":[{"href":"https:\/\/johannesen-maskintransport.dk\/de\/wp-json\/wp\/v2\/types\/page"}],"author":[{"embeddable":true,"href":"https:\/\/johannesen-maskintransport.dk\/de\/wp-json\/wp\/v2\/users\/1"}],"replies":[{"embeddable":true,"href":"https:\/\/johannesen-maskintransport.dk\/de\/wp-json\/wp\/v2\/comments?post=2159"}],"version-history":[{"count":2,"href":"https:\/\/johannesen-maskintransport.dk\/de\/wp-json\/wp\/v2\/pages\/2159\/revisions"}],"predecessor-version":[{"id":2238,"href":"https:\/\/johannesen-maskintransport.dk\/de\/wp-json\/wp\/v2\/pages\/2159\/revisions\/2238"}],"up":[{"embeddable":true,"href":"https:\/\/johannesen-maskintransport.dk\/de\/wp-json\/wp\/v2\/pages\/2136"}],"wp:attachment":[{"href":"https:\/\/johannesen-maskintransport.dk\/de\/wp-json\/wp\/v2\/media?parent=2159"}],"curies":[{"name":"wp","href":"https:\/\/api.w.org\/{rel}","templated":true}]}}