{"id":2144,"date":"2017-06-20T10:01:03","date_gmt":"2017-06-20T10:01:03","guid":{"rendered":"https:\/\/johannesen-maskintransport.dk\/?page_id=2144\/"},"modified":"2017-06-21T11:07:18","modified_gmt":"2017-06-21T11:07:18","slug":"vermietung","status":"publish","type":"page","link":"https:\/\/johannesen-maskintransport.dk\/de\/was-wir-bieten\/vermietung\/","title":{"rendered":"VERMIETUNG"},"content":{"rendered":"<p>[et_pb_section admin_label=&#8220;Sektion&#8220; fullwidth=&#8220;on&#8220; specialty=&#8220;off&#8220;][et_pb_fullwidth_menu admin_label=&#8220;Fuldbredde Menu&#8220; menu_id=&#8220;15&#8243; background_color=&#8220;#e02b20&#8243; background_layout=&#8220;dark&#8220; text_orientation=&#8220;right&#8220; submenu_direction=&#8220;downwards&#8220; fullwidth_menu=&#8220;off&#8220; dropdown_menu_animation=&#8220;fade&#8220;]<\/p>\n<p>[\/et_pb_fullwidth_menu][\/et_pb_section][et_pb_section admin_label=&#8220;Sektion&#8220; fullwidth=&#8220;on&#8220; specialty=&#8220;off&#8220;][et_pb_fullwidth_header admin_label=&#8220;Fuldbredde Overskrift&#8220; title=&#8220;VERMIETUNG&#8220; background_layout=&#8220;light&#8220; text_orientation=&#8220;left&#8220; header_fullscreen=&#8220;off&#8220; header_scroll_down=&#8220;off&#8220; background_color=&#8220;#ffffff&#8220; parallax=&#8220;off&#8220; parallax_method=&#8220;off&#8220; content_orientation=&#8220;center&#8220; image_orientation=&#8220;center&#8220; custom_button_one=&#8220;off&#8220; button_one_border_width=&#8220;0&#8243; button_one_letter_spacing=&#8220;0&#8243; button_one_use_icon=&#8220;default&#8220; button_one_icon_placement=&#8220;right&#8220; button_one_on_hover=&#8220;on&#8220; button_one_letter_spacing_hover=&#8220;0&#8243; custom_button_two=&#8220;off&#8220; button_two_border_width=&#8220;0&#8243; button_two_letter_spacing=&#8220;0&#8243; button_two_use_icon=&#8220;default&#8220; button_two_icon_placement=&#8220;right&#8220; button_two_on_hover=&#8220;on&#8220; button_two_letter_spacing_hover=&#8220;0&#8243; title_font_size=&#8220;40px&#8220;]<\/p>\n<p>[\/et_pb_fullwidth_header][\/et_pb_section][et_pb_section admin_label=&#8220;Sektion&#8220; fullwidth=&#8220;off&#8220; specialty=&#8220;off&#8220;][et_pb_row admin_label=&#8220;R\u00e6kke&#8220;][et_pb_column type=&#8220;2_3&#8243;][et_pb_text admin_label=&#8220;Tekst&#8220; background_layout=&#8220;light&#8220; text_orientation=&#8220;left&#8220; use_border_color=&#8220;off&#8220; border_color=&#8220;#ffffff&#8220; border_style=&#8220;solid&#8220;]<\/p>\n<div class=\"field field-name-title field-type-ds field-label-hidden\">\n<div class=\"field-items\">\n<div class=\"field-item even\">\n<p>Vermietung von Frachtcontainern, M\u00fcllcontainern, Fahrplatten, Ballastgewichte, Glassauger\u00a0und anderes mehr<\/p>\n<\/div>\n<\/div>\n<\/div>\n<div class=\"field field-name-body field-type-text-with-summary field-label-hidden\">\n<div class=\"field-items\">\n<div class=\"field-item even\">\n<p><strong>Vermietung von Ballastgewichten<\/strong><br \/>\nVermietung von Ballastgewichten f\u00fcr Belastungsversuche von Kr\u00e4nen und Balkons<br \/>\nVon 50 kg bis zum 50 Tonnen<br \/>\nWird noch mehr Gewicht erw\u00fcnscht, rufen Sie uns bitte an<\/p>\n<p><strong>Vermietung von Glassauger<\/strong><br \/>\nGlassauger f\u00fcr den Transport von Glas<br \/>\nMit einem Zweikreis Luftsystem wie vom Gesetz vorgeschrieben bei Verwendung auf Baustellen<br \/>\nBis zu 750 kg Traglast<\/p>\n<p><strong>Vermietung von Fahrplatten<\/strong><br \/>\nStandard. 3000 x 2000 x 140 mm.<br \/>\nWird einen anderen Typ oder eine andere Dimension erw\u00fcnscht, rufen Sie uns bitte an<\/p>\n<p><strong>Vermietung von Arbeitskorb<\/strong><br \/>\nWenn eine Hebeb\u00fchne nicht ausreichend ist, dann mieten Sie einen Arbeitskorb<\/p>\n<\/div>\n<\/div>\n<\/div>\n<p>[\/et_pb_text][\/et_pb_column][et_pb_column type=&#8220;1_3&#8243;][et_pb_image admin_label=&#8220;Billede&#8220; src=&#8220;https:\/\/johannesen-maskintransport.dk\/wp-content\/uploads\/2016\/03\/C7T9293.jpg&#8220; show_in_lightbox=&#8220;off&#8220; url_new_window=&#8220;off&#8220; use_overlay=&#8220;off&#8220; animation=&#8220;left&#8220; sticky=&#8220;off&#8220; align=&#8220;left&#8220; force_fullwidth=&#8220;off&#8220; always_center_on_mobile=&#8220;on&#8220; use_border_color=&#8220;off&#8220; border_color=&#8220;#ffffff&#8220; border_style=&#8220;solid&#8220;]<\/p>\n<p>[\/et_pb_image][et_pb_image admin_label=&#8220;Billede&#8220; src=&#8220;https:\/\/johannesen-maskintransport.dk\/wp-content\/uploads\/2016\/03\/5.jpg&#8220; show_in_lightbox=&#8220;off&#8220; url_new_window=&#8220;off&#8220; use_overlay=&#8220;off&#8220; animation=&#8220;left&#8220; sticky=&#8220;off&#8220; align=&#8220;left&#8220; force_fullwidth=&#8220;off&#8220; always_center_on_mobile=&#8220;on&#8220; use_border_color=&#8220;off&#8220; border_color=&#8220;#ffffff&#8220; border_style=&#8220;solid&#8220;]<\/p>\n<p>[\/et_pb_image][\/et_pb_column][\/et_pb_row][\/et_pb_section][et_pb_section admin_label=&#8220;Sektion&#8220; fullwidth=&#8220;off&#8220; specialty=&#8220;off&#8220; transparent_background=&#8220;off&#8220; background_color=&#8220;#000000&#8243; allow_player_pause=&#8220;off&#8220; inner_shadow=&#8220;off&#8220; parallax=&#8220;on&#8220; parallax_method=&#8220;on&#8220; padding_mobile=&#8220;off&#8220; make_fullwidth=&#8220;off&#8220; use_custom_width=&#8220;off&#8220; width_unit=&#8220;on&#8220; make_equal=&#8220;off&#8220; use_custom_gutter=&#8220;off&#8220; background_image=&#8220;https:\/\/johannesen-maskintransport.dk\/wp-content\/uploads\/2016\/03\/C7T9913.jpg&#8220; custom_padding=&#8220;0px|0px|0px|0px&#8220;][et_pb_row admin_label=&#8220;R\u00e6kke&#8220; make_fullwidth=&#8220;on&#8220; use_custom_width=&#8220;on&#8220; width_unit=&#8220;off&#8220; use_custom_gutter=&#8220;on&#8220; padding_mobile=&#8220;off&#8220; allow_player_pause=&#8220;off&#8220; parallax=&#8220;off&#8220; parallax_method=&#8220;off&#8220; make_equal=&#8220;off&#8220; parallax_1=&#8220;off&#8220; parallax_method_1=&#8220;off&#8220; column_padding_mobile=&#8220;on&#8220; background_color=&#8220;rgba(10,0,0,0.36)&#8220; custom_width_px=&#8220;684px&#8220; custom_width_percent=&#8220;100%&#8220; gutter_width=&#8220;0&#8243;][et_pb_column type=&#8220;4_4&#8243;][et_pb_cta admin_label=&#8220;Opfordring Til Handling&#8220; title=&#8220;Wir bieten einen landesweiten Kranservice an!&#8220; button_url=&#8220;\/de\/kontakt\/&#8220; url_new_window=&#8220;off&#8220; button_text=&#8220;Rufen Sie uns an&#8220; use_background_color=&#8220;off&#8220; background_color=&#8220;rgba(0,0,0,0.36)&#8220; background_layout=&#8220;dark&#8220; text_orientation=&#8220;center&#8220; use_border_color=&#8220;off&#8220; border_color=&#8220;#ffffff&#8220; border_style=&#8220;solid&#8220; custom_padding=&#8220;30px||30px|&#8220; custom_button=&#8220;off&#8220; button_border_width=&#8220;0&#8243; button_letter_spacing=&#8220;0&#8243; button_use_icon=&#8220;default&#8220; button_icon_placement=&#8220;right&#8220; button_on_hover=&#8220;on&#8220; button_letter_spacing_hover=&#8220;0&#8243; disabled=&#8220;off&#8220; saved_tabs=&#8220;all&#8220;]<\/p>\n<p>[\/et_pb_cta][\/et_pb_column][\/et_pb_row][\/et_pb_section]<\/p>\n","protected":false},"excerpt":{"rendered":"<p>Vermietung von Frachtcontainern, M\u00fcllcontainern, Fahrplatten, Ballastgewichte, Glassauger\u00a0und anderes mehr Vermietung von Ballastgewichten Vermietung von Ballastgewichten f\u00fcr Belastungsversuche von Kr\u00e4nen und Balkons Von 50 kg bis zum 50 Tonnen Wird noch mehr Gewicht erw\u00fcnscht, rufen Sie uns bitte an Vermietung von Glassauger Glassauger f\u00fcr den Transport von Glas Mit einem Zweikreis Luftsystem wie vom Gesetz vorgeschrieben [&hellip;]<\/p>\n","protected":false},"author":1,"featured_media":0,"parent":2136,"menu_order":0,"comment_status":"closed","ping_status":"closed","template":"","meta":{"_et_pb_use_builder":"on","_et_pb_old_content":"","_et_gb_content_width":"","footnotes":""},"class_list":["post-2144","page","type-page","status-publish","hentry"],"yoast_head":"<!-- This site is optimized with the Yoast SEO plugin v26.0 - https:\/\/yoast.com\/wordpress\/plugins\/seo\/ -->\n<title>VERMIETUNG | Johannesen Maskintransport<\/title>\n<meta name=\"description\" content=\"Johannesen kran- og maskintransport\" \/>\n<meta name=\"robots\" content=\"index, follow, max-snippet:-1, max-image-preview:large, max-video-preview:-1\" \/>\n<link rel=\"canonical\" href=\"https:\/\/johannesen-maskintransport.dk\/de\/was-wir-bieten\/vermietung\/\" \/>\n<meta property=\"og:locale\" content=\"de_DE\" \/>\n<meta property=\"og:type\" content=\"article\" \/>\n<meta property=\"og:title\" content=\"VERMIETUNG | Johannesen Maskintransport\" \/>\n<meta property=\"og:description\" content=\"Johannesen kran- og maskintransport\" \/>\n<meta property=\"og:url\" content=\"https:\/\/johannesen-maskintransport.dk\/de\/was-wir-bieten\/vermietung\/\" \/>\n<meta property=\"og:site_name\" content=\"Johannesen Maskintransport\" \/>\n<meta property=\"article:modified_time\" content=\"2017-06-21T11:07:18+00:00\" \/>\n<meta name=\"twitter:card\" content=\"summary_large_image\" \/>\n<meta name=\"twitter:label1\" content=\"Gesch\u00e4tzte Lesezeit\" \/>\n\t<meta name=\"twitter:data1\" content=\"3\u00a0Minuten\" \/>\n<script type=\"application\/ld+json\" class=\"yoast-schema-graph\">{\"@context\":\"https:\/\/schema.org\",\"@graph\":[{\"@type\":\"WebPage\",\"@id\":\"https:\/\/johannesen-maskintransport.dk\/de\/was-wir-bieten\/vermietung\/\",\"url\":\"https:\/\/johannesen-maskintransport.dk\/de\/was-wir-bieten\/vermietung\/\",\"name\":\"VERMIETUNG | Johannesen Maskintransport\",\"isPartOf\":{\"@id\":\"https:\/\/johannesen-maskintransport.dk\/#website\"},\"datePublished\":\"2017-06-20T10:01:03+00:00\",\"dateModified\":\"2017-06-21T11:07:18+00:00\",\"description\":\"Johannesen kran- og maskintransport\",\"breadcrumb\":{\"@id\":\"https:\/\/johannesen-maskintransport.dk\/de\/was-wir-bieten\/vermietung\/#breadcrumb\"},\"inLanguage\":\"de\",\"potentialAction\":[{\"@type\":\"ReadAction\",\"target\":[\"https:\/\/johannesen-maskintransport.dk\/de\/was-wir-bieten\/vermietung\/\"]}]},{\"@type\":\"BreadcrumbList\",\"@id\":\"https:\/\/johannesen-maskintransport.dk\/de\/was-wir-bieten\/vermietung\/#breadcrumb\",\"itemListElement\":[{\"@type\":\"ListItem\",\"position\":1,\"name\":\"Johannesen kran- og maskintransport\",\"item\":\"https:\/\/johannesen-maskintransport.dk\/de\/forside-2\/\"},{\"@type\":\"ListItem\",\"position\":2,\"name\":\"WAS WIR BIETEN\",\"item\":\"https:\/\/johannesen-maskintransport.dk\/de\/was-wir-bieten\/\"},{\"@type\":\"ListItem\",\"position\":3,\"name\":\"VERMIETUNG\"}]},{\"@type\":\"WebSite\",\"@id\":\"https:\/\/johannesen-maskintransport.dk\/#website\",\"url\":\"https:\/\/johannesen-maskintransport.dk\/\",\"name\":\"Johannesen Maskintransport\",\"description\":\"Landesweiten kraneservice\",\"potentialAction\":[{\"@type\":\"SearchAction\",\"target\":{\"@type\":\"EntryPoint\",\"urlTemplate\":\"https:\/\/johannesen-maskintransport.dk\/?s={search_term_string}\"},\"query-input\":{\"@type\":\"PropertyValueSpecification\",\"valueRequired\":true,\"valueName\":\"search_term_string\"}}],\"inLanguage\":\"de\"}]}<\/script>\n<!-- \/ Yoast SEO plugin. -->","yoast_head_json":{"title":"VERMIETUNG | Johannesen Maskintransport","description":"Johannesen kran- og maskintransport","robots":{"index":"index","follow":"follow","max-snippet":"max-snippet:-1","max-image-preview":"max-image-preview:large","max-video-preview":"max-video-preview:-1"},"canonical":"https:\/\/johannesen-maskintransport.dk\/de\/was-wir-bieten\/vermietung\/","og_locale":"de_DE","og_type":"article","og_title":"VERMIETUNG | Johannesen Maskintransport","og_description":"Johannesen kran- og maskintransport","og_url":"https:\/\/johannesen-maskintransport.dk\/de\/was-wir-bieten\/vermietung\/","og_site_name":"Johannesen Maskintransport","article_modified_time":"2017-06-21T11:07:18+00:00","twitter_card":"summary_large_image","twitter_misc":{"Gesch\u00e4tzte Lesezeit":"3\u00a0Minuten"},"schema":{"@context":"https:\/\/schema.org","@graph":[{"@type":"WebPage","@id":"https:\/\/johannesen-maskintransport.dk\/de\/was-wir-bieten\/vermietung\/","url":"https:\/\/johannesen-maskintransport.dk\/de\/was-wir-bieten\/vermietung\/","name":"VERMIETUNG | Johannesen Maskintransport","isPartOf":{"@id":"https:\/\/johannesen-maskintransport.dk\/#website"},"datePublished":"2017-06-20T10:01:03+00:00","dateModified":"2017-06-21T11:07:18+00:00","description":"Johannesen kran- og maskintransport","breadcrumb":{"@id":"https:\/\/johannesen-maskintransport.dk\/de\/was-wir-bieten\/vermietung\/#breadcrumb"},"inLanguage":"de","potentialAction":[{"@type":"ReadAction","target":["https:\/\/johannesen-maskintransport.dk\/de\/was-wir-bieten\/vermietung\/"]}]},{"@type":"BreadcrumbList","@id":"https:\/\/johannesen-maskintransport.dk\/de\/was-wir-bieten\/vermietung\/#breadcrumb","itemListElement":[{"@type":"ListItem","position":1,"name":"Johannesen kran- og maskintransport","item":"https:\/\/johannesen-maskintransport.dk\/de\/forside-2\/"},{"@type":"ListItem","position":2,"name":"WAS WIR BIETEN","item":"https:\/\/johannesen-maskintransport.dk\/de\/was-wir-bieten\/"},{"@type":"ListItem","position":3,"name":"VERMIETUNG"}]},{"@type":"WebSite","@id":"https:\/\/johannesen-maskintransport.dk\/#website","url":"https:\/\/johannesen-maskintransport.dk\/","name":"Johannesen Maskintransport","description":"Landesweiten kraneservice","potentialAction":[{"@type":"SearchAction","target":{"@type":"EntryPoint","urlTemplate":"https:\/\/johannesen-maskintransport.dk\/?s={search_term_string}"},"query-input":{"@type":"PropertyValueSpecification","valueRequired":true,"valueName":"search_term_string"}}],"inLanguage":"de"}]}},"_links":{"self":[{"href":"https:\/\/johannesen-maskintransport.dk\/de\/wp-json\/wp\/v2\/pages\/2144","targetHints":{"allow":["GET"]}}],"collection":[{"href":"https:\/\/johannesen-maskintransport.dk\/de\/wp-json\/wp\/v2\/pages"}],"about":[{"href":"https:\/\/johannesen-maskintransport.dk\/de\/wp-json\/wp\/v2\/types\/page"}],"author":[{"embeddable":true,"href":"https:\/\/johannesen-maskintransport.dk\/de\/wp-json\/wp\/v2\/users\/1"}],"replies":[{"embeddable":true,"href":"https:\/\/johannesen-maskintransport.dk\/de\/wp-json\/wp\/v2\/comments?post=2144"}],"version-history":[{"count":4,"href":"https:\/\/johannesen-maskintransport.dk\/de\/wp-json\/wp\/v2\/pages\/2144\/revisions"}],"predecessor-version":[{"id":2244,"href":"https:\/\/johannesen-maskintransport.dk\/de\/wp-json\/wp\/v2\/pages\/2144\/revisions\/2244"}],"up":[{"embeddable":true,"href":"https:\/\/johannesen-maskintransport.dk\/de\/wp-json\/wp\/v2\/pages\/2136"}],"wp:attachment":[{"href":"https:\/\/johannesen-maskintransport.dk\/de\/wp-json\/wp\/v2\/media?parent=2144"}],"curies":[{"name":"wp","href":"https:\/\/api.w.org\/{rel}","templated":true}]}}